{"id":7,"date":"2024-04-29T10:36:42","date_gmt":"2024-04-29T10:36:42","guid":{"rendered":"https:\/\/digi-aware-elearninghub.com\/?page_id=7"},"modified":"2025-12-01T09:56:12","modified_gmt":"2025-12-01T09:56:12","slug":"home-page","status":"publish","type":"page","link":"https:\/\/digi-aware-elearninghub.com\/tr\/","title":{"rendered":"Home Page"},"content":{"rendered":"<div data-elementor-type=\"wp-page\" data-elementor-id=\"7\" class=\"elementor elementor-7\">\n\t\t\t\t\t\t<section class=\"elementor-section elementor-top-section elementor-element elementor-element-ce274c6 elementor-section-boxed elementor-section-height-default elementor-section-height-default\" data-id=\"ce274c6\" data-element_type=\"section\" data-settings=\"{&quot;background_background&quot;:&quot;classic&quot;}\">\n\t\t\t\t\t\t<div class=\"elementor-container elementor-column-gap-default\">\n\t\t\t\t\t<div class=\"elementor-column elementor-col-50 elementor-top-column elementor-element elementor-element-a6c608e\" data-id=\"a6c608e\" data-element_type=\"column\">\n\t\t\t<div class=\"elementor-widget-wrap elementor-element-populated\">\n\t\t\t\t\t\t<div class=\"elementor-element elementor-element-be79d7a elementor-widget elementor-widget-image\" data-id=\"be79d7a\" data-element_type=\"widget\" data-widget_type=\"image.default\">\n\t\t\t\t<div class=\"elementor-widget-container\">\n\t\t\t\t\t\t\t\t\t\t\t\t\t\t\t<img fetchpriority=\"high\" decoding=\"async\" width=\"1024\" height=\"1024\" src=\"https:\/\/digi-aware-elearninghub.com\/wp-content\/uploads\/2024\/04\/DigiAware-logo_PNG-1024x1024.png\" class=\"attachment-large size-large wp-image-27\" alt=\"\" srcset=\"https:\/\/digi-aware-elearninghub.com\/wp-content\/uploads\/2024\/04\/DigiAware-logo_PNG-1024x1024.png 1024w, https:\/\/digi-aware-elearninghub.com\/wp-content\/uploads\/2024\/04\/DigiAware-logo_PNG-300x300.png 300w, https:\/\/digi-aware-elearninghub.com\/wp-content\/uploads\/2024\/04\/DigiAware-logo_PNG-150x150.png 150w, https:\/\/digi-aware-elearninghub.com\/wp-content\/uploads\/2024\/04\/DigiAware-logo_PNG-768x768.png 768w, https:\/\/digi-aware-elearninghub.com\/wp-content\/uploads\/2024\/04\/DigiAware-logo_PNG-1536x1536.png 1536w, https:\/\/digi-aware-elearninghub.com\/wp-content\/uploads\/2024\/04\/DigiAware-logo_PNG.png 2000w\" sizes=\"(max-width: 1024px) 100vw, 1024px\" \/>\t\t\t\t\t\t\t\t\t\t\t\t\t\t\t<\/div>\n\t\t\t\t<\/div>\n\t\t\t\t\t<\/div>\n\t\t<\/div>\n\t\t\t\t<div class=\"elementor-column elementor-col-50 elementor-top-column elementor-element elementor-element-f575fbd\" data-id=\"f575fbd\" data-element_type=\"column\">\n\t\t\t<div class=\"elementor-widget-wrap elementor-element-populated\">\n\t\t\t\t\t\t<div class=\"elementor-element elementor-element-662a8a5 elementor-widget elementor-widget-ekit-nav-menu\" data-id=\"662a8a5\" data-element_type=\"widget\" data-widget_type=\"ekit-nav-menu.default\">\n\t\t\t\t<div class=\"elementor-widget-container\">\n\t\t\t\t\t\t\t<nav class=\"ekit-wid-con ekit_menu_responsive_tablet\" \n\t\t\tdata-hamburger-icon=\"\" \n\t\t\tdata-hamburger-icon-type=\"icon\" \n\t\t\tdata-responsive-breakpoint=\"1024\">\n\t\t\t            <button class=\"elementskit-menu-hamburger elementskit-menu-toggler\"  type=\"button\" aria-label=\"hamburger-icon\">\n                                    <span class=\"elementskit-menu-hamburger-icon\"><\/span><span class=\"elementskit-menu-hamburger-icon\"><\/span><span class=\"elementskit-menu-hamburger-icon\"><\/span>\n                            <\/button>\n            <div id=\"ekit-megamenu-main\" class=\"elementskit-menu-container elementskit-menu-offcanvas-elements elementskit-navbar-nav-default ekit-nav-menu-one-page-no ekit-nav-dropdown-hover\"><ul id=\"menu-main\" class=\"elementskit-navbar-nav elementskit-menu-po-center submenu-click-on-icon\"><li id=\"menu-item-15\" class=\"menu-item menu-item-type-custom menu-item-object-custom menu-item-15 nav-item elementskit-mobile-builder-content\" data-vertical-menu=\"750px\"><a href=\"https:\/\/digi-aware-elearninghub.com\/tr\/\" class=\"ekit-menu-nav-link\">Home<\/a><\/li>\n<li id=\"menu-item-16\" class=\"menu-item menu-item-type-custom menu-item-object-custom menu-item-has-children menu-item-16 nav-item elementskit-dropdown-has relative_position elementskit-dropdown-menu-default_width elementskit-mobile-builder-content\" data-vertical-menu=\"750px\"><a href=\"#project\" class=\"ekit-menu-nav-link ekit-menu-dropdown-toggle\">Projeye Genel Bak\u0131\u015f<i aria-hidden=\"true\" class=\"icon icon-down-arrow1 elementskit-submenu-indicator\"><\/i><\/a>\n<ul class=\"elementskit-dropdown elementskit-submenu-panel\">\n\t<li id=\"menu-item-17\" class=\"menu-item menu-item-type-custom menu-item-object-custom menu-item-17 nav-item elementskit-mobile-builder-content\" data-vertical-menu=\"750px\"><a href=\"https:\/\/digi-aware-elearninghub.com\/tr\/project-overview\/\" class=\"dropdown-item\">Proje Kapsam\u0131<\/a>\t<li id=\"menu-item-115\" class=\"menu-item menu-item-type-custom menu-item-object-custom menu-item-115 nav-item elementskit-mobile-builder-content\" data-vertical-menu=\"750px\"><a href=\"https:\/\/digi-aware-elearninghub.com\/tr\/meet-the-partners\/\" class=\"dropdown-item\">Ortaklarla Tan\u0131\u015f\u0131n<\/a>\t<li id=\"menu-item-116\" class=\"menu-item menu-item-type-custom menu-item-object-custom menu-item-116 nav-item elementskit-mobile-builder-content\" data-vertical-menu=\"750px\"><a href=\"https:\/\/digi-aware-elearninghub.com\/tr\/getting-involved\/\" class=\"dropdown-item\">Kat\u0131l\u0131m Sa\u011fla<\/a><\/ul>\n<\/li>\n<li id=\"menu-item-124\" class=\"menu-item menu-item-type-custom menu-item-object-custom menu-item-has-children menu-item-124 nav-item elementskit-dropdown-has relative_position elementskit-dropdown-menu-default_width elementskit-mobile-builder-content\" data-vertical-menu=\"750px\"><a href=\"#project\" class=\"ekit-menu-nav-link ekit-menu-dropdown-toggle\">E\u011fitimciler i\u00e7in Ara\u00e7 Kiti<i aria-hidden=\"true\" class=\"icon icon-down-arrow1 elementskit-submenu-indicator\"><\/i><\/a>\n<ul class=\"elementskit-dropdown elementskit-submenu-panel\">\n\t<li id=\"menu-item-125\" class=\"menu-item menu-item-type-custom menu-item-object-custom menu-item-125 nav-item elementskit-mobile-builder-content\" data-vertical-menu=\"750px\"><a href=\"https:\/\/digi-aware-elearninghub.com\/tr\/practical-resources-and-exercises-for-workshops-that-involve-teens-and-their-digital-practices-2\/\" class=\"dropdown-item\">E\u011fitimciler i\u00e7in Dijital Vatanda\u015fl\u0131k El Kitab\u0131<\/a>\t<li id=\"menu-item-126\" class=\"menu-item menu-item-type-custom menu-item-object-custom menu-item-126 nav-item elementskit-mobile-builder-content\" data-vertical-menu=\"750px\"><a href=\"https:\/\/digi-aware-elearninghub.com\/tr\/modules\/\" class=\"dropdown-item\">Dijital Vatanda\u015fl\u0131k ve Medya Fark\u0131ndal\u0131\u011f\u0131 E\u011fitim Seti<\/a><\/ul>\n<\/li>\n<li id=\"menu-item-117\" class=\"menu-item menu-item-type-custom menu-item-object-custom menu-item-has-children menu-item-117 nav-item elementskit-dropdown-has relative_position elementskit-dropdown-menu-default_width elementskit-mobile-builder-content\" data-vertical-menu=\"750px\"><a href=\"https:\/\/digi-aware-elearninghub.com\/tr\/resources-for-educators\/\" class=\"ekit-menu-nav-link ekit-menu-dropdown-toggle\">E\u011fitimciler i\u00e7in Kaynaklar<i aria-hidden=\"true\" class=\"icon icon-down-arrow1 elementskit-submenu-indicator\"><\/i><\/a>\n<ul class=\"elementskit-dropdown elementskit-submenu-panel\">\n\t<li id=\"menu-item-118\" class=\"menu-item menu-item-type-custom menu-item-object-custom menu-item-118 nav-item elementskit-mobile-builder-content\" data-vertical-menu=\"750px\"><a href=\"https:\/\/digi-aware-elearninghub.com\/tr\/digital-ethics\/\" class=\"dropdown-item\">Dijital Etik<\/a>\t<li id=\"menu-item-119\" class=\"menu-item menu-item-type-custom menu-item-object-custom menu-item-119 nav-item elementskit-mobile-builder-content\" data-vertical-menu=\"750px\"><a href=\"https:\/\/digi-aware-elearninghub.com\/tr\/digital-well-being\/\" class=\"dropdown-item\">Dijital \u0130yi Olu\u015f<\/a>\t<li id=\"menu-item-120\" class=\"menu-item menu-item-type-custom menu-item-object-custom menu-item-120 nav-item elementskit-mobile-builder-content\" data-vertical-menu=\"750px\"><a href=\"https:\/\/digi-aware-elearninghub.com\/tr\/cybersecurity-online-safety\/\" class=\"dropdown-item\">Siber G\u00fcvenlik \/ \u00c7evirimi\u00e7i G\u00fcvenlik<\/a>\t<li id=\"menu-item-1083\" class=\"menu-item menu-item-type-custom menu-item-object-custom menu-item-1083 nav-item elementskit-mobile-builder-content\" data-vertical-menu=\"750px\"><a href=\"https:\/\/digi-aware-elearninghub.com\/tr\/digital-footprint\/\" class=\"dropdown-item\">Dijital Ayak \u0130zi<\/a>\t<li id=\"menu-item-993\" class=\"menu-item menu-item-type-custom menu-item-object-custom menu-item-993 nav-item elementskit-mobile-builder-content\" data-vertical-menu=\"750px\"><a href=\"https:\/\/digi-aware-elearninghub.com\/tr\/disinformation-misinformation\/\" class=\"dropdown-item\">Dezenformasyon \/ Yan\u0131lt\u0131c\u0131 Bilgi<\/a>\t<li id=\"menu-item-994\" class=\"menu-item menu-item-type-custom menu-item-object-custom menu-item-994 nav-item elementskit-mobile-builder-content\" data-vertical-menu=\"750px\"><a href=\"https:\/\/digi-aware-elearninghub.com\/tr\/ai-literacy\/\" class=\"dropdown-item\">Yapay Zek\u00e2 Okuryazarl\u0131\u011f\u0131 &amp; Manip\u00fcle Edilmi\u015f \u0130\u00e7erik<\/a>\t<li id=\"menu-item-995\" class=\"menu-item menu-item-type-custom menu-item-object-custom menu-item-995 nav-item elementskit-mobile-builder-content\" data-vertical-menu=\"750px\"><a href=\"https:\/\/digi-aware-elearninghub.com\/tr\/responsible-digital-citizenship\/\" class=\"dropdown-item\">Sorumlu Dijital Vatanda\u015fl\u0131k<\/a>\t<li id=\"menu-item-996\" class=\"menu-item menu-item-type-custom menu-item-object-custom menu-item-996 nav-item elementskit-mobile-builder-content\" data-vertical-menu=\"750px\"><a href=\"https:\/\/digi-aware-elearninghub.com\/tr\/safe-use-of-social-media\/\" class=\"dropdown-item\">Sosyal Medyan\u0131n G\u00fcvenli Kullan\u0131m\u0131<\/a><\/ul>\n<\/li>\n<li id=\"menu-item-127\" class=\"menu-item menu-item-type-custom menu-item-object-custom menu-item-127 nav-item elementskit-mobile-builder-content\" data-vertical-menu=\"750px\"><a href=\"https:\/\/digi-aware-elearninghub.com\/tr\/get-inspired\/\" class=\"ekit-menu-nav-link\">\u0130lham Al<\/a><\/li>\n<\/ul><div class=\"elementskit-nav-identity-panel\"><button class=\"elementskit-menu-close elementskit-menu-toggler\" type=\"button\">X<\/button><\/div><\/div>\t\t\t\n\t\t\t<div class=\"elementskit-menu-overlay elementskit-menu-offcanvas-elements elementskit-menu-toggler ekit-nav-menu--overlay\"><\/div>        <\/nav>\n\t\t\t\t\t\t<\/div>\n\t\t\t\t<\/div>\n\t\t\t\t\t<\/div>\n\t\t<\/div>\n\t\t\t\t\t<\/div>\n\t\t<\/section>\n\t\t\t\t<section class=\"elementor-section elementor-top-section elementor-element elementor-element-5be95160 elementor-section-boxed elementor-section-height-default elementor-section-height-default\" data-id=\"5be95160\" data-element_type=\"section\" id=\"xs_cta_style_4\" data-settings=\"{&quot;background_background&quot;:&quot;classic&quot;}\">\n\t\t\t\t\t\t\t<div class=\"elementor-background-overlay\"><\/div>\n\t\t\t\t\t\t\t<div class=\"elementor-container elementor-column-gap-default\">\n\t\t\t\t\t<div class=\"elementor-column elementor-col-50 elementor-top-column elementor-element elementor-element-3ead0e20\" data-id=\"3ead0e20\" data-element_type=\"column\">\n\t\t\t<div class=\"elementor-widget-wrap elementor-element-populated\">\n\t\t\t\t\t\t<div class=\"elementor-element elementor-element-3ead8b5f elementor-widget elementor-widget-elementskit-heading\" data-id=\"3ead8b5f\" data-element_type=\"widget\" data-widget_type=\"elementskit-heading.default\">\n\t\t\t\t<div class=\"elementor-widget-container\">\n\t\t\t\t\t<div class=\"ekit-wid-con\" ><div class=\"ekit-heading elementskit-section-title-wraper text_left   ekit_heading_tablet-   ekit_heading_mobile-\"><h2 class=\"ekit-heading--title elementskit-section-title\">Digi-Aware e-Hub'a Ho\u015fgeldiniz<\/h2><div class=\"ekit_heading_separetor_wraper ekit_heading_elementskit-border-star\"><div class=\"elementskit-border-star\"><\/div><\/div>\t\t\t\t<div class='ekit-heading__description'>\n\t\t\t\t\t<p><span>Digi'Aware'e Ho\u015f Geldiniz: E\u011fitimcileri G\u00fc\u00e7lendirmek, Dijital Vatanda\u015fl\u0131\u011fa \u0130lham Vermek<\/span><\/p>\n<p><span>Digi'Aware projesi, dijital ba\u011flant\u0131yla tan\u0131mlanan bir \u00e7a\u011fda, e\u011fitimcilere gen\u00e7 beyinlere dijital vatanda\u015fl\u0131\u011f\u0131n incelikleri konusunda rehberlik etmeleri i\u00e7in gerekli ara\u00e7lar\u0131 sa\u011flamay\u0131 ama\u00e7l\u0131yor.<\/span><\/p>\n<p><span>Digi'Aware e-Hub'\u0131 ke\u015ffederken, e\u011fitimciler ve gen\u00e7ler aras\u0131nda dijital vatanda\u015fl\u0131k konusunda diyalo\u011fu te\u015fvik etmek i\u00e7in kaynaklar, e\u011fitim mod\u00fclleri ve tan\u0131mlar\u0131n\u0131 ortaya \u00e7\u0131karacaks\u0131n\u0131z.<\/span><\/p>\n\t\t\t\t<\/div>\n\t\t\t<\/div><\/div>\t\t\t\t<\/div>\n\t\t\t\t<\/div>\n\t\t\t\t<div class=\"elementor-element elementor-element-267551c elementor-widget elementor-widget-video\" data-id=\"267551c\" data-element_type=\"widget\" data-settings=\"{&quot;youtube_url&quot;:&quot;https:\\\/\\\/www.youtube.com\\\/watch?v=P1x1MtwiJBk&quot;,&quot;video_type&quot;:&quot;youtube&quot;,&quot;controls&quot;:&quot;yes&quot;}\" data-no-translation=\"\" data-widget_type=\"video.default\">\n\t\t\t\t<div class=\"elementor-widget-container\">\n\t\t\t\t\t<style>.elementor-element-267551c{display:none !important}<\/style>\t\t\t\t<\/div>\n\t\t\t\t<\/div>\n\t\t\t\t<div class=\"elementor-element elementor-element-6531d95 elementor-widget elementor-widget-video\" data-id=\"6531d95\" data-element_type=\"widget\" data-settings=\"{&quot;youtube_url&quot;:&quot;https:\\\/\\\/www.youtube.com\\\/watch?v=0wTzoWFMSW8&quot;,&quot;video_type&quot;:&quot;youtube&quot;,&quot;controls&quot;:&quot;yes&quot;}\" data-no-translation=\"\" data-widget_type=\"video.default\">\n\t\t\t\t<div class=\"elementor-widget-container\">\n\t\t\t\t\t<style>.elementor-element-6531d95{display:none !important}<\/style>\t\t\t\t<\/div>\n\t\t\t\t<\/div>\n\t\t\t\t<div class=\"elementor-element elementor-element-485554a elementor-widget elementor-widget-video\" data-id=\"485554a\" data-element_type=\"widget\" data-settings=\"{&quot;youtube_url&quot;:&quot;https:\\\/\\\/www.youtube.com\\\/watch?v=QPeCPYAknwY&quot;,&quot;video_type&quot;:&quot;youtube&quot;,&quot;controls&quot;:&quot;yes&quot;}\" data-no-translation=\"\" data-widget_type=\"video.default\">\n\t\t\t\t<div class=\"elementor-widget-container\">\n\t\t\t\t\t<style>.elementor-element-485554a{display:none !important}<\/style>\t\t\t\t<\/div>\n\t\t\t\t<\/div>\n\t\t\t\t<div class=\"elementor-element elementor-element-c7d47ef elementor-widget elementor-widget-video\" data-id=\"c7d47ef\" data-element_type=\"widget\" data-settings=\"{&quot;youtube_url&quot;:&quot;https:\\\/\\\/www.youtube.com\\\/watch?v=xdBKcRpS6S8&quot;,&quot;video_type&quot;:&quot;youtube&quot;,&quot;controls&quot;:&quot;yes&quot;}\" data-no-translation=\"\" data-widget_type=\"video.default\">\n\t\t\t\t<div class=\"elementor-widget-container\">\n\t\t\t\t\t\t\t<div class=\"elementor-wrapper elementor-open-inline\">\n\t\t\t<div class=\"elementor-video\"><\/div>\t\t<\/div>\n\t\t\t\t\t\t<\/div>\n\t\t\t\t<\/div>\n\t\t\t\t<div class=\"elementor-element elementor-element-a1fdb3d elementor-widget elementor-widget-video\" data-id=\"a1fdb3d\" data-element_type=\"widget\" data-settings=\"{&quot;youtube_url&quot;:&quot;https:\\\/\\\/www.youtube.com\\\/watch?v=HiIPGJsjz10&quot;,&quot;video_type&quot;:&quot;youtube&quot;,&quot;controls&quot;:&quot;yes&quot;}\" data-no-translation=\"\" data-widget_type=\"video.default\">\n\t\t\t\t<div class=\"elementor-widget-container\">\n\t\t\t\t\t<style>.elementor-element-a1fdb3d{display:none !important}<\/style>\t\t\t\t<\/div>\n\t\t\t\t<\/div>\n\t\t\t\t<div class=\"elementor-element elementor-element-4ce0131 elementor-widget elementor-widget-video\" data-id=\"4ce0131\" data-element_type=\"widget\" data-settings=\"{&quot;youtube_url&quot;:&quot;https:\\\/\\\/youtu.be\\\/FVr525wWtYY?si=GnGq59sDVrZfPG0x&quot;,&quot;video_type&quot;:&quot;youtube&quot;,&quot;controls&quot;:&quot;yes&quot;}\" data-no-translation=\"\" data-widget_type=\"video.default\">\n\t\t\t\t<div class=\"elementor-widget-container\">\n\t\t\t\t\t<style>.elementor-element-4ce0131{display:none !important}<\/style>\t\t\t\t<\/div>\n\t\t\t\t<\/div>\n\t\t\t\t<div class=\"elementor-element elementor-element-1097193 elementor-widget elementor-widget-spacer\" data-id=\"1097193\" data-element_type=\"widget\" data-widget_type=\"spacer.default\">\n\t\t\t\t<div class=\"elementor-widget-container\">\n\t\t\t\t\t\t\t<div class=\"elementor-spacer\">\n\t\t\t<div class=\"elementor-spacer-inner\"><\/div>\n\t\t<\/div>\n\t\t\t\t\t\t<\/div>\n\t\t\t\t<\/div>\n\t\t\t\t<div class=\"elementor-element elementor-element-74196dff elementor-align--mobilecenter elementor-align-left elementor-widget elementor-widget-elementskit-button\" data-id=\"74196dff\" data-element_type=\"widget\" data-widget_type=\"elementskit-button.default\">\n\t\t\t\t<div class=\"elementor-widget-container\">\n\t\t\t\t\t<div class=\"ekit-wid-con\" >\t\t<div class=\"ekit-btn-wraper\">\n\t\t\t\t\t\t\t<a href=\"https:\/\/digi-aware-elearninghub.com\/tr\/project-overview\/\" class=\"elementskit-btn  whitespace--normal\" id=\"\">\n\t\t\t\t\tProjeye Genel Bak\u0131\u015f\t\t\t\t<\/a>\n\t\t\t\t\t<\/div>\n        <\/div>\t\t\t\t<\/div>\n\t\t\t\t<\/div>\n\t\t\t\t\t<\/div>\n\t\t<\/div>\n\t\t\t\t<div class=\"elementor-column elementor-col-50 elementor-top-column elementor-element elementor-element-6d1cf834\" data-id=\"6d1cf834\" data-element_type=\"column\">\n\t\t\t<div class=\"elementor-widget-wrap elementor-element-populated\">\n\t\t\t\t\t\t<div class=\"elementor-element elementor-element-103639a elementor-widget elementor-widget-image\" data-id=\"103639a\" data-element_type=\"widget\" data-widget_type=\"image.default\">\n\t\t\t\t<div class=\"elementor-widget-container\">\n\t\t\t\t\t\t\t\t\t\t\t\t\t\t\t<img decoding=\"async\" width=\"1024\" height=\"1024\" src=\"https:\/\/digi-aware-elearninghub.com\/wp-content\/uploads\/2024\/04\/Web-devices-pana-1024x1024.png\" class=\"attachment-large size-large wp-image-87\" alt=\"\" srcset=\"https:\/\/digi-aware-elearninghub.com\/wp-content\/uploads\/2024\/04\/Web-devices-pana-1024x1024.png 1024w, https:\/\/digi-aware-elearninghub.com\/wp-content\/uploads\/2024\/04\/Web-devices-pana-300x300.png 300w, https:\/\/digi-aware-elearninghub.com\/wp-content\/uploads\/2024\/04\/Web-devices-pana-150x150.png 150w, https:\/\/digi-aware-elearninghub.com\/wp-content\/uploads\/2024\/04\/Web-devices-pana-768x768.png 768w, https:\/\/digi-aware-elearninghub.com\/wp-content\/uploads\/2024\/04\/Web-devices-pana-1536x1536.png 1536w, https:\/\/digi-aware-elearninghub.com\/wp-content\/uploads\/2024\/04\/Web-devices-pana.png 2000w\" sizes=\"(max-width: 1024px) 100vw, 1024px\" \/>\t\t\t\t\t\t\t\t\t\t\t\t\t\t\t<\/div>\n\t\t\t\t<\/div>\n\t\t\t\t\t<\/div>\n\t\t<\/div>\n\t\t\t\t\t<\/div>\n\t\t<\/section>\n\t\t\t\t<section class=\"elementor-section elementor-top-section elementor-element elementor-element-3fd4274 elementor-section-boxed elementor-section-height-default elementor-section-height-default\" data-id=\"3fd4274\" data-element_type=\"section\" data-settings=\"{&quot;background_background&quot;:&quot;classic&quot;}\">\n\t\t\t\t\t\t<div class=\"elementor-container elementor-column-gap-default\">\n\t\t\t\t\t<div class=\"elementor-column elementor-col-50 elementor-top-column elementor-element elementor-element-974f0b1\" data-id=\"974f0b1\" data-element_type=\"column\">\n\t\t\t<div class=\"elementor-widget-wrap elementor-element-populated\">\n\t\t\t\t\t\t<div class=\"elementor-element elementor-element-ab285c1 elementor-widget elementor-widget-image\" data-id=\"ab285c1\" data-element_type=\"widget\" data-widget_type=\"image.default\">\n\t\t\t\t<div class=\"elementor-widget-container\">\n\t\t\t\t\t\t\t\t\t\t\t\t\t\t\t<img decoding=\"async\" width=\"1024\" height=\"215\" src=\"https:\/\/digi-aware-elearninghub.com\/wp-content\/uploads\/2025\/11\/TR-Avrupa-Birligi-tarafindan-finanse-edilmektedir_PANTONE-scaled.jpg\" class=\"attachment-large size-large wp-image-40\" alt=\"\" srcset=\"https:\/\/digi-aware-elearninghub.com\/wp-content\/uploads\/2025\/11\/TR-Avrupa-Birligi-tarafindan-finanse-edilmektedir_PANTONE-scaled.jpg 2560w, https:\/\/digi-aware-elearninghub.com\/wp-content\/uploads\/2025\/11\/TR-Avrupa-Birligi-tarafindan-finanse-edilmektedir_PANTONE-300x56.jpg 300w, https:\/\/digi-aware-elearninghub.com\/wp-content\/uploads\/2025\/11\/TR-Avrupa-Birligi-tarafindan-finanse-edilmektedir_PANTONE-1024x193.jpg 1024w, https:\/\/digi-aware-elearninghub.com\/wp-content\/uploads\/2025\/11\/TR-Avrupa-Birligi-tarafindan-finanse-edilmektedir_PANTONE-768x144.jpg 768w, https:\/\/digi-aware-elearninghub.com\/wp-content\/uploads\/2025\/11\/TR-Avrupa-Birligi-tarafindan-finanse-edilmektedir_PANTONE-1536x289.jpg 1536w, https:\/\/digi-aware-elearninghub.com\/wp-content\/uploads\/2025\/11\/TR-Avrupa-Birligi-tarafindan-finanse-edilmektedir_PANTONE-2048x385.jpg 2048w, https:\/\/digi-aware-elearninghub.com\/wp-content\/uploads\/2025\/11\/TR-Avrupa-Birligi-tarafindan-finanse-edilmektedir_PANTONE-18x3.jpg 18w\" sizes=\"(max-width: 1024px) 100vw, 1024px\" \/>\t\t\t\t\t\t\t\t\t\t\t\t\t\t\t<\/div>\n\t\t\t\t<\/div>\n\t\t\t\t<div class=\"elementor-element elementor-element-ff9c4e7 elementor-widget__width-initial elementor-widget elementor-widget-image\" data-id=\"ff9c4e7\" data-element_type=\"widget\" data-widget_type=\"image.default\">\n\t\t\t\t<div class=\"elementor-widget-container\">\n\t\t\t\t\t\t\t\t\t\t\t\t\t\t\t<img loading=\"lazy\" decoding=\"async\" width=\"403\" height=\"141\" src=\"https:\/\/digi-aware-elearninghub.com\/wp-content\/uploads\/2025\/09\/by-1.png\" class=\"attachment-large size-large wp-image-3834\" alt=\"\" srcset=\"https:\/\/digi-aware-elearninghub.com\/wp-content\/uploads\/2025\/09\/by-1.png 403w, https:\/\/digi-aware-elearninghub.com\/wp-content\/uploads\/2025\/09\/by-1-300x105.png 300w, https:\/\/digi-aware-elearninghub.com\/wp-content\/uploads\/2025\/09\/by-1-18x6.png 18w\" sizes=\"(max-width: 403px) 100vw, 403px\" \/>\t\t\t\t\t\t\t\t\t\t\t\t\t\t\t<\/div>\n\t\t\t\t<\/div>\n\t\t\t\t\t<\/div>\n\t\t<\/div>\n\t\t\t\t<div class=\"elementor-column elementor-col-50 elementor-top-column elementor-element elementor-element-a80c497\" data-id=\"a80c497\" data-element_type=\"column\">\n\t\t\t<div class=\"elementor-widget-wrap elementor-element-populated\">\n\t\t\t\t\t\t<div class=\"elementor-element elementor-element-042581e elementor-widget elementor-widget-text-editor\" data-id=\"042581e\" data-element_type=\"widget\" data-widget_type=\"text-editor.default\">\n\t\t\t\t<div class=\"elementor-widget-container\">\n\t\t\t\t\t\t\t\t\t<p>Avrupa Birli\u011fi taraf\u0131ndan finanse edilmi\u015ftir. Ancak burada ifade edilen g\u00f6r\u00fc\u015f ve fikirler yaln\u0131zca yazar(lar)a aittir ve Avrupa Birli\u011fi\u2019nin veya Avrupa E\u011fitim ve K\u00fclt\u00fcr Y\u00fcr\u00fctme Ajans\u0131\u2019n\u0131n (EACEA) g\u00f6r\u00fc\u015flerini yans\u0131tmak zorunda de\u011fildir. Avrupa Birli\u011fi veya EACEA bu i\u00e7erikten sorumlu tutulamaz.\nProje numaras\u0131: 2023-1-NO01-KA220-ADU-<wbr \/>000151380\u00a0<\/p>\t\t\t\t\t\t\t\t<\/div>\n\t\t\t\t<\/div>\n\t\t\t\t\t<\/div>\n\t\t<\/div>\n\t\t\t\t\t<\/div>\n\t\t<\/section>\n\t\t\t\t<\/div>","protected":false},"excerpt":{"rendered":"<p>Home Project Overview Project Scope Meet the Partners Getting Involved Toolkit for Educators Digital Citizenship Handbook for Educators Digital Citizenship and Media Awareness Training Kit Resources for Educators Digital Ethics Digital Wellbeing Cybersecurity\/Online safety Digital Footprint Disinformation\/Misinformation AI Literacy &#038; Manipulated Content Responsible Digital Citizenship Safe Use Of Social Media GET INSPIRED X Welcome to [&hellip;]<\/p>","protected":false},"author":1,"featured_media":0,"parent":0,"menu_order":0,"comment_status":"closed","ping_status":"closed","template":"elementor_canvas","meta":{"om_disable_all_campaigns":false,"_monsterinsights_skip_tracking":false,"_monsterinsights_sitenote_active":false,"_monsterinsights_sitenote_note":"","_monsterinsights_sitenote_category":0,"_uf_show_specific_survey":0,"_uf_disable_surveys":false,"footnotes":""},"class_list":["post-7","page","type-page","status-publish","hentry"],"blocksy_meta":[],"aioseo_notices":[],"_links":{"self":[{"href":"https:\/\/digi-aware-elearninghub.com\/tr\/wp-json\/wp\/v2\/pages\/7","targetHints":{"allow":["GET"]}}],"collection":[{"href":"https:\/\/digi-aware-elearninghub.com\/tr\/wp-json\/wp\/v2\/pages"}],"about":[{"href":"https:\/\/digi-aware-elearninghub.com\/tr\/wp-json\/wp\/v2\/types\/page"}],"author":[{"embeddable":true,"href":"https:\/\/digi-aware-elearninghub.com\/tr\/wp-json\/wp\/v2\/users\/1"}],"replies":[{"embeddable":true,"href":"https:\/\/digi-aware-elearninghub.com\/tr\/wp-json\/wp\/v2\/comments?post=7"}],"version-history":[{"count":191,"href":"https:\/\/digi-aware-elearninghub.com\/tr\/wp-json\/wp\/v2\/pages\/7\/revisions"}],"predecessor-version":[{"id":4172,"href":"https:\/\/digi-aware-elearninghub.com\/tr\/wp-json\/wp\/v2\/pages\/7\/revisions\/4172"}],"wp:attachment":[{"href":"https:\/\/digi-aware-elearninghub.com\/tr\/wp-json\/wp\/v2\/media?parent=7"}],"curies":[{"name":"wp","href":"https:\/\/api.w.org\/{rel}","templated":true}]}}