{"id":7,"date":"2024-04-29T10:36:42","date_gmt":"2024-04-29T10:36:42","guid":{"rendered":"https:\/\/digi-aware-elearninghub.com\/?page_id=7"},"modified":"2025-12-01T09:56:12","modified_gmt":"2025-12-01T09:56:12","slug":"home-page","status":"publish","type":"page","link":"https:\/\/digi-aware-elearninghub.com\/fr\/","title":{"rendered":"Home Page"},"content":{"rendered":"<div data-elementor-type=\"wp-page\" data-elementor-id=\"7\" class=\"elementor elementor-7\">\n\t\t\t\t\t\t<section class=\"elementor-section elementor-top-section elementor-element elementor-element-ce274c6 elementor-section-boxed elementor-section-height-default elementor-section-height-default\" data-id=\"ce274c6\" data-element_type=\"section\" data-settings=\"{&quot;background_background&quot;:&quot;classic&quot;}\">\n\t\t\t\t\t\t<div class=\"elementor-container elementor-column-gap-default\">\n\t\t\t\t\t<div class=\"elementor-column elementor-col-50 elementor-top-column elementor-element elementor-element-a6c608e\" data-id=\"a6c608e\" data-element_type=\"column\">\n\t\t\t<div class=\"elementor-widget-wrap elementor-element-populated\">\n\t\t\t\t\t\t<div class=\"elementor-element elementor-element-be79d7a elementor-widget elementor-widget-image\" data-id=\"be79d7a\" data-element_type=\"widget\" data-widget_type=\"image.default\">\n\t\t\t\t<div class=\"elementor-widget-container\">\n\t\t\t\t\t\t\t\t\t\t\t\t\t\t\t<img fetchpriority=\"high\" decoding=\"async\" width=\"1024\" height=\"1024\" src=\"https:\/\/digi-aware-elearninghub.com\/wp-content\/uploads\/2024\/04\/DigiAware-logo_PNG-1024x1024.png\" class=\"attachment-large size-large wp-image-27\" alt=\"\" srcset=\"https:\/\/digi-aware-elearninghub.com\/wp-content\/uploads\/2024\/04\/DigiAware-logo_PNG-1024x1024.png 1024w, https:\/\/digi-aware-elearninghub.com\/wp-content\/uploads\/2024\/04\/DigiAware-logo_PNG-300x300.png 300w, https:\/\/digi-aware-elearninghub.com\/wp-content\/uploads\/2024\/04\/DigiAware-logo_PNG-150x150.png 150w, https:\/\/digi-aware-elearninghub.com\/wp-content\/uploads\/2024\/04\/DigiAware-logo_PNG-768x768.png 768w, https:\/\/digi-aware-elearninghub.com\/wp-content\/uploads\/2024\/04\/DigiAware-logo_PNG-1536x1536.png 1536w, https:\/\/digi-aware-elearninghub.com\/wp-content\/uploads\/2024\/04\/DigiAware-logo_PNG.png 2000w\" sizes=\"(max-width: 1024px) 100vw, 1024px\" \/>\t\t\t\t\t\t\t\t\t\t\t\t\t\t\t<\/div>\n\t\t\t\t<\/div>\n\t\t\t\t\t<\/div>\n\t\t<\/div>\n\t\t\t\t<div class=\"elementor-column elementor-col-50 elementor-top-column elementor-element elementor-element-f575fbd\" data-id=\"f575fbd\" data-element_type=\"column\">\n\t\t\t<div class=\"elementor-widget-wrap elementor-element-populated\">\n\t\t\t\t\t\t<div class=\"elementor-element elementor-element-662a8a5 elementor-widget elementor-widget-ekit-nav-menu\" data-id=\"662a8a5\" data-element_type=\"widget\" data-widget_type=\"ekit-nav-menu.default\">\n\t\t\t\t<div class=\"elementor-widget-container\">\n\t\t\t\t\t\t\t<nav class=\"ekit-wid-con ekit_menu_responsive_tablet\" \n\t\t\tdata-hamburger-icon=\"\" \n\t\t\tdata-hamburger-icon-type=\"icon\" \n\t\t\tdata-responsive-breakpoint=\"1024\">\n\t\t\t            <button class=\"elementskit-menu-hamburger elementskit-menu-toggler\"  type=\"button\" aria-label=\"hamburger-icon\">\n                                    <span class=\"elementskit-menu-hamburger-icon\"><\/span><span class=\"elementskit-menu-hamburger-icon\"><\/span><span class=\"elementskit-menu-hamburger-icon\"><\/span>\n                            <\/button>\n            <div id=\"ekit-megamenu-main\" class=\"elementskit-menu-container elementskit-menu-offcanvas-elements elementskit-navbar-nav-default ekit-nav-menu-one-page-no ekit-nav-dropdown-hover\"><ul id=\"menu-main\" class=\"elementskit-navbar-nav elementskit-menu-po-center submenu-click-on-icon\"><li id=\"menu-item-15\" class=\"menu-item menu-item-type-custom menu-item-object-custom menu-item-15 nav-item elementskit-mobile-builder-content\" data-vertical-menu=\"750px\"><a href=\"https:\/\/digi-aware-elearninghub.com\/fr\/\" class=\"ekit-menu-nav-link\">Accueil<\/a><\/li>\n<li id=\"menu-item-16\" class=\"menu-item menu-item-type-custom menu-item-object-custom menu-item-has-children menu-item-16 nav-item elementskit-dropdown-has relative_position elementskit-dropdown-menu-default_width elementskit-mobile-builder-content\" data-vertical-menu=\"750px\"><a href=\"#project\" class=\"ekit-menu-nav-link ekit-menu-dropdown-toggle\">Aper\u00e7u du Projet<i aria-hidden=\"true\" class=\"icon icon-down-arrow1 elementskit-submenu-indicator\"><\/i><\/a>\n<ul class=\"elementskit-dropdown elementskit-submenu-panel\">\n\t<li id=\"menu-item-17\" class=\"menu-item menu-item-type-custom menu-item-object-custom menu-item-17 nav-item elementskit-mobile-builder-content\" data-vertical-menu=\"750px\"><a href=\"https:\/\/digi-aware-elearninghub.com\/fr\/project-overview\/\" class=\"dropdown-item\">Port\u00e9e du projet<\/a>\t<li id=\"menu-item-115\" class=\"menu-item menu-item-type-custom menu-item-object-custom menu-item-115 nav-item elementskit-mobile-builder-content\" data-vertical-menu=\"750px\"><a href=\"https:\/\/digi-aware-elearninghub.com\/fr\/meet-the-partners\/\" class=\"dropdown-item\">Rencontrez les Partenaires<\/a>\t<li id=\"menu-item-116\" class=\"menu-item menu-item-type-custom menu-item-object-custom menu-item-116 nav-item elementskit-mobile-builder-content\" data-vertical-menu=\"750px\"><a href=\"https:\/\/digi-aware-elearninghub.com\/fr\/getting-involved\/\" class=\"dropdown-item\">S'impliquer<\/a><\/ul>\n<\/li>\n<li id=\"menu-item-124\" class=\"menu-item menu-item-type-custom menu-item-object-custom menu-item-has-children menu-item-124 nav-item elementskit-dropdown-has relative_position elementskit-dropdown-menu-default_width elementskit-mobile-builder-content\" data-vertical-menu=\"750px\"><a href=\"#project\" class=\"ekit-menu-nav-link ekit-menu-dropdown-toggle\">Bo\u00eete \u00e0 Outils pour les \u00c9ducateurs<i aria-hidden=\"true\" class=\"icon icon-down-arrow1 elementskit-submenu-indicator\"><\/i><\/a>\n<ul class=\"elementskit-dropdown elementskit-submenu-panel\">\n\t<li id=\"menu-item-125\" class=\"menu-item menu-item-type-custom menu-item-object-custom menu-item-125 nav-item elementskit-mobile-builder-content\" data-vertical-menu=\"750px\"><a href=\"https:\/\/digi-aware-elearninghub.com\/fr\/practical-resources-and-exercises-for-workshops-that-involve-teens-and-their-digital-practices-2\/\" class=\"dropdown-item\">Manuel sur la citoyennet\u00e9 num\u00e9rique \u00e0 l'intention des \u00e9ducateurs<\/a>\t<li id=\"menu-item-126\" class=\"menu-item menu-item-type-custom menu-item-object-custom menu-item-126 nav-item elementskit-mobile-builder-content\" data-vertical-menu=\"750px\"><a href=\"https:\/\/digi-aware-elearninghub.com\/fr\/modules\/\" class=\"dropdown-item\">Kit de formation sur la citoyennet\u00e9 num\u00e9rique et la sensibilisation aux m\u00e9dias<\/a><\/ul>\n<\/li>\n<li id=\"menu-item-117\" class=\"menu-item menu-item-type-custom menu-item-object-custom menu-item-has-children menu-item-117 nav-item elementskit-dropdown-has relative_position elementskit-dropdown-menu-default_width elementskit-mobile-builder-content\" data-vertical-menu=\"750px\"><a href=\"https:\/\/digi-aware-elearninghub.com\/fr\/resources-for-educators\/\" class=\"ekit-menu-nav-link ekit-menu-dropdown-toggle\">Ressources pour les \u00c9ducateurs<i aria-hidden=\"true\" class=\"icon icon-down-arrow1 elementskit-submenu-indicator\"><\/i><\/a>\n<ul class=\"elementskit-dropdown elementskit-submenu-panel\">\n\t<li id=\"menu-item-118\" class=\"menu-item menu-item-type-custom menu-item-object-custom menu-item-118 nav-item elementskit-mobile-builder-content\" data-vertical-menu=\"750px\"><a href=\"https:\/\/digi-aware-elearninghub.com\/fr\/digital-ethics\/\" class=\"dropdown-item\">\u00c9thique num\u00e9rique<\/a>\t<li id=\"menu-item-119\" class=\"menu-item menu-item-type-custom menu-item-object-custom menu-item-119 nav-item elementskit-mobile-builder-content\" data-vertical-menu=\"750px\"><a href=\"https:\/\/digi-aware-elearninghub.com\/fr\/digital-well-being\/\" class=\"dropdown-item\">Bien-\u00eatre num\u00e9rique<\/a>\t<li id=\"menu-item-120\" class=\"menu-item menu-item-type-custom menu-item-object-custom menu-item-120 nav-item elementskit-mobile-builder-content\" data-vertical-menu=\"750px\"><a href=\"https:\/\/digi-aware-elearninghub.com\/fr\/cybersecurity-online-safety\/\" class=\"dropdown-item\">Cybers\u00e9curit\u00e9\/S\u00e9curit\u00e9 en ligne<\/a>\t<li id=\"menu-item-1083\" class=\"menu-item menu-item-type-custom menu-item-object-custom menu-item-1083 nav-item elementskit-mobile-builder-content\" data-vertical-menu=\"750px\"><a href=\"https:\/\/digi-aware-elearninghub.com\/fr\/digital-footprint\/\" class=\"dropdown-item\">Empreinte num\u00e9rique<\/a>\t<li id=\"menu-item-993\" class=\"menu-item menu-item-type-custom menu-item-object-custom menu-item-993 nav-item elementskit-mobile-builder-content\" data-vertical-menu=\"750px\"><a href=\"https:\/\/digi-aware-elearninghub.com\/fr\/disinformation-misinformation\/\" class=\"dropdown-item\">D\u00e9sinformation\/M\u00e9sinformation<\/a>\t<li id=\"menu-item-994\" class=\"menu-item menu-item-type-custom menu-item-object-custom menu-item-994 nav-item elementskit-mobile-builder-content\" data-vertical-menu=\"750px\"><a href=\"https:\/\/digi-aware-elearninghub.com\/fr\/ai-literacy\/\" class=\"dropdown-item\">Comp\u00e9tences en mati\u00e8re d'IA et contenus manipul\u00e9s<\/a>\t<li id=\"menu-item-995\" class=\"menu-item menu-item-type-custom menu-item-object-custom menu-item-995 nav-item elementskit-mobile-builder-content\" data-vertical-menu=\"750px\"><a href=\"https:\/\/digi-aware-elearninghub.com\/fr\/responsible-digital-citizenship\/\" class=\"dropdown-item\">Responsable citoyennet\u00e9 num\u00e9rique<\/a>\t<li id=\"menu-item-996\" class=\"menu-item menu-item-type-custom menu-item-object-custom menu-item-996 nav-item elementskit-mobile-builder-content\" data-vertical-menu=\"750px\"><a href=\"https:\/\/digi-aware-elearninghub.com\/fr\/safe-use-of-social-media\/\" class=\"dropdown-item\">Utilisation s\u00fbre des r\u00e9seaux sociaux<\/a><\/ul>\n<\/li>\n<li id=\"menu-item-127\" class=\"menu-item menu-item-type-custom menu-item-object-custom menu-item-127 nav-item elementskit-mobile-builder-content\" data-vertical-menu=\"750px\"><a href=\"https:\/\/digi-aware-elearninghub.com\/fr\/get-inspired\/\" class=\"ekit-menu-nav-link\">Inspirez-vous<\/a><\/li>\n<\/ul><div class=\"elementskit-nav-identity-panel\"><button class=\"elementskit-menu-close elementskit-menu-toggler\" type=\"button\">X<\/button><\/div><\/div>\t\t\t\n\t\t\t<div class=\"elementskit-menu-overlay elementskit-menu-offcanvas-elements elementskit-menu-toggler ekit-nav-menu--overlay\"><\/div>        <\/nav>\n\t\t\t\t\t\t<\/div>\n\t\t\t\t<\/div>\n\t\t\t\t\t<\/div>\n\t\t<\/div>\n\t\t\t\t\t<\/div>\n\t\t<\/section>\n\t\t\t\t<section class=\"elementor-section elementor-top-section elementor-element elementor-element-5be95160 elementor-section-boxed elementor-section-height-default elementor-section-height-default\" data-id=\"5be95160\" data-element_type=\"section\" id=\"xs_cta_style_4\" data-settings=\"{&quot;background_background&quot;:&quot;classic&quot;}\">\n\t\t\t\t\t\t\t<div class=\"elementor-background-overlay\"><\/div>\n\t\t\t\t\t\t\t<div class=\"elementor-container elementor-column-gap-default\">\n\t\t\t\t\t<div class=\"elementor-column elementor-col-50 elementor-top-column elementor-element elementor-element-3ead0e20\" data-id=\"3ead0e20\" data-element_type=\"column\">\n\t\t\t<div class=\"elementor-widget-wrap elementor-element-populated\">\n\t\t\t\t\t\t<div class=\"elementor-element elementor-element-3ead8b5f elementor-widget elementor-widget-elementskit-heading\" data-id=\"3ead8b5f\" data-element_type=\"widget\" data-widget_type=\"elementskit-heading.default\">\n\t\t\t\t<div class=\"elementor-widget-container\">\n\t\t\t\t\t<div class=\"ekit-wid-con\" ><div class=\"ekit-heading elementskit-section-title-wraper text_left   ekit_heading_tablet-   ekit_heading_mobile-\"><h2 class=\"ekit-heading--title elementskit-section-title\">Bienvenue sur le e-Hub Digi-Aware<\/h2><div class=\"ekit_heading_separetor_wraper ekit_heading_elementskit-border-star\"><div class=\"elementskit-border-star\"><\/div><\/div>\t\t\t\t<div class='ekit-heading__description'>\n\t\t\t\t\t<p><span>Bienvenue chez Digi'Aware : Renforcer les Formateurs, Inspirer la Citoyennet\u00e9 Num\u00e9rique<\/span><\/p>\n<p><span>\"\u00c0 une \u00e9poque d\u00e9finie par la connectivit\u00e9 num\u00e9rique, le projet Digi'Aware vise \u00e0 fournir aux \u00e9ducateurs les outils essentiels pour guider les jeunes esprits \u00e0 travers les subtilit\u00e9s de la citoyennet\u00e9 num\u00e9rique.\n\n\n\n\"<\/span><\/p>\n<p><span>En explorant l'e-Hub Digi'Aware, vous d\u00e9couvrirez des ressources, des modules de formation et des exemples concrets pour encourager le dialogue entre les \u00e9ducateurs et les jeunes sur la citoyennet\u00e9 num\u00e9rique.<\/span><\/p>\n\t\t\t\t<\/div>\n\t\t\t<\/div><\/div>\t\t\t\t<\/div>\n\t\t\t\t<\/div>\n\t\t\t\t<div class=\"elementor-element elementor-element-267551c elementor-widget elementor-widget-video\" data-id=\"267551c\" data-element_type=\"widget\" data-settings=\"{&quot;youtube_url&quot;:&quot;https:\\\/\\\/www.youtube.com\\\/watch?v=P1x1MtwiJBk&quot;,&quot;video_type&quot;:&quot;youtube&quot;,&quot;controls&quot;:&quot;yes&quot;}\" data-no-translation=\"\" data-widget_type=\"video.default\">\n\t\t\t\t<div class=\"elementor-widget-container\">\n\t\t\t\t\t<style>.elementor-element-267551c{display:none !important}<\/style>\t\t\t\t<\/div>\n\t\t\t\t<\/div>\n\t\t\t\t<div class=\"elementor-element elementor-element-6531d95 elementor-widget elementor-widget-video\" data-id=\"6531d95\" data-element_type=\"widget\" data-settings=\"{&quot;youtube_url&quot;:&quot;https:\\\/\\\/www.youtube.com\\\/watch?v=0wTzoWFMSW8&quot;,&quot;video_type&quot;:&quot;youtube&quot;,&quot;controls&quot;:&quot;yes&quot;}\" data-no-translation=\"\" data-widget_type=\"video.default\">\n\t\t\t\t<div class=\"elementor-widget-container\">\n\t\t\t\t\t<style>.elementor-element-6531d95{display:none !important}<\/style>\t\t\t\t<\/div>\n\t\t\t\t<\/div>\n\t\t\t\t<div class=\"elementor-element elementor-element-485554a elementor-widget elementor-widget-video\" data-id=\"485554a\" data-element_type=\"widget\" data-settings=\"{&quot;youtube_url&quot;:&quot;https:\\\/\\\/www.youtube.com\\\/watch?v=QPeCPYAknwY&quot;,&quot;video_type&quot;:&quot;youtube&quot;,&quot;controls&quot;:&quot;yes&quot;}\" data-no-translation=\"\" data-widget_type=\"video.default\">\n\t\t\t\t<div class=\"elementor-widget-container\">\n\t\t\t\t\t<style>.elementor-element-485554a{display:none !important}<\/style>\t\t\t\t<\/div>\n\t\t\t\t<\/div>\n\t\t\t\t<div class=\"elementor-element elementor-element-c7d47ef elementor-widget elementor-widget-video\" data-id=\"c7d47ef\" data-element_type=\"widget\" data-settings=\"{&quot;youtube_url&quot;:&quot;https:\\\/\\\/www.youtube.com\\\/watch?v=xdBKcRpS6S8&quot;,&quot;video_type&quot;:&quot;youtube&quot;,&quot;controls&quot;:&quot;yes&quot;}\" data-no-translation=\"\" data-widget_type=\"video.default\">\n\t\t\t\t<div class=\"elementor-widget-container\">\n\t\t\t\t\t<style>.elementor-element-c7d47ef{display:none !important}<\/style>\t\t\t\t<\/div>\n\t\t\t\t<\/div>\n\t\t\t\t<div class=\"elementor-element elementor-element-a1fdb3d elementor-widget elementor-widget-video\" data-id=\"a1fdb3d\" data-element_type=\"widget\" data-settings=\"{&quot;youtube_url&quot;:&quot;https:\\\/\\\/www.youtube.com\\\/watch?v=HiIPGJsjz10&quot;,&quot;video_type&quot;:&quot;youtube&quot;,&quot;controls&quot;:&quot;yes&quot;}\" data-no-translation=\"\" data-widget_type=\"video.default\">\n\t\t\t\t<div class=\"elementor-widget-container\">\n\t\t\t\t\t<style>.elementor-element-a1fdb3d{display:none !important}<\/style>\t\t\t\t<\/div>\n\t\t\t\t<\/div>\n\t\t\t\t<div class=\"elementor-element elementor-element-4ce0131 elementor-widget elementor-widget-video\" data-id=\"4ce0131\" data-element_type=\"widget\" data-settings=\"{&quot;youtube_url&quot;:&quot;https:\\\/\\\/youtu.be\\\/FVr525wWtYY?si=GnGq59sDVrZfPG0x&quot;,&quot;video_type&quot;:&quot;youtube&quot;,&quot;controls&quot;:&quot;yes&quot;}\" data-no-translation=\"\" data-widget_type=\"video.default\">\n\t\t\t\t<div class=\"elementor-widget-container\">\n\t\t\t\t\t<style>.elementor-element-4ce0131{display:none !important}<\/style>\t\t\t\t<\/div>\n\t\t\t\t<\/div>\n\t\t\t\t<div class=\"elementor-element elementor-element-1097193 elementor-widget elementor-widget-spacer\" data-id=\"1097193\" data-element_type=\"widget\" data-widget_type=\"spacer.default\">\n\t\t\t\t<div class=\"elementor-widget-container\">\n\t\t\t\t\t\t\t<div class=\"elementor-spacer\">\n\t\t\t<div class=\"elementor-spacer-inner\"><\/div>\n\t\t<\/div>\n\t\t\t\t\t\t<\/div>\n\t\t\t\t<\/div>\n\t\t\t\t<div class=\"elementor-element elementor-element-74196dff elementor-align--mobilecenter elementor-align-left elementor-widget elementor-widget-elementskit-button\" data-id=\"74196dff\" data-element_type=\"widget\" data-widget_type=\"elementskit-button.default\">\n\t\t\t\t<div class=\"elementor-widget-container\">\n\t\t\t\t\t<div class=\"ekit-wid-con\" >\t\t<div class=\"ekit-btn-wraper\">\n\t\t\t\t\t\t\t<a href=\"https:\/\/digi-aware-elearninghub.com\/fr\/project-overview\/\" class=\"elementskit-btn  whitespace--normal\" id=\"\">\n\t\t\t\t\tAper\u00e7u du Projet\t\t\t\t<\/a>\n\t\t\t\t\t<\/div>\n        <\/div>\t\t\t\t<\/div>\n\t\t\t\t<\/div>\n\t\t\t\t\t<\/div>\n\t\t<\/div>\n\t\t\t\t<div class=\"elementor-column elementor-col-50 elementor-top-column elementor-element elementor-element-6d1cf834\" data-id=\"6d1cf834\" data-element_type=\"column\">\n\t\t\t<div class=\"elementor-widget-wrap elementor-element-populated\">\n\t\t\t\t\t\t<div class=\"elementor-element elementor-element-103639a elementor-widget elementor-widget-image\" data-id=\"103639a\" data-element_type=\"widget\" data-widget_type=\"image.default\">\n\t\t\t\t<div class=\"elementor-widget-container\">\n\t\t\t\t\t\t\t\t\t\t\t\t\t\t\t<img decoding=\"async\" width=\"1024\" height=\"1024\" src=\"https:\/\/digi-aware-elearninghub.com\/wp-content\/uploads\/2024\/04\/Web-devices-pana-1024x1024.png\" class=\"attachment-large size-large wp-image-87\" alt=\"\" srcset=\"https:\/\/digi-aware-elearninghub.com\/wp-content\/uploads\/2024\/04\/Web-devices-pana-1024x1024.png 1024w, https:\/\/digi-aware-elearninghub.com\/wp-content\/uploads\/2024\/04\/Web-devices-pana-300x300.png 300w, https:\/\/digi-aware-elearninghub.com\/wp-content\/uploads\/2024\/04\/Web-devices-pana-150x150.png 150w, https:\/\/digi-aware-elearninghub.com\/wp-content\/uploads\/2024\/04\/Web-devices-pana-768x768.png 768w, https:\/\/digi-aware-elearninghub.com\/wp-content\/uploads\/2024\/04\/Web-devices-pana-1536x1536.png 1536w, https:\/\/digi-aware-elearninghub.com\/wp-content\/uploads\/2024\/04\/Web-devices-pana.png 2000w\" sizes=\"(max-width: 1024px) 100vw, 1024px\" \/>\t\t\t\t\t\t\t\t\t\t\t\t\t\t\t<\/div>\n\t\t\t\t<\/div>\n\t\t\t\t\t<\/div>\n\t\t<\/div>\n\t\t\t\t\t<\/div>\n\t\t<\/section>\n\t\t\t\t<section class=\"elementor-section elementor-top-section elementor-element elementor-element-3fd4274 elementor-section-boxed elementor-section-height-default elementor-section-height-default\" data-id=\"3fd4274\" data-element_type=\"section\" data-settings=\"{&quot;background_background&quot;:&quot;classic&quot;}\">\n\t\t\t\t\t\t<div class=\"elementor-container elementor-column-gap-default\">\n\t\t\t\t\t<div class=\"elementor-column elementor-col-50 elementor-top-column elementor-element elementor-element-974f0b1\" data-id=\"974f0b1\" data-element_type=\"column\">\n\t\t\t<div class=\"elementor-widget-wrap elementor-element-populated\">\n\t\t\t\t\t\t<div class=\"elementor-element elementor-element-ab285c1 elementor-widget elementor-widget-image\" data-id=\"ab285c1\" data-element_type=\"widget\" data-widget_type=\"image.default\">\n\t\t\t\t<div class=\"elementor-widget-container\">\n\t\t\t\t\t\t\t\t\t\t\t\t\t\t\t<img decoding=\"async\" width=\"1024\" height=\"215\" src=\"https:\/\/digi-aware-elearninghub.com\/wp-content\/uploads\/2024\/06\/FR-Cofinance-par-lUnion-europeenne_PANTONE-scaled.jpg\" class=\"attachment-large size-large wp-image-40\" alt=\"\" srcset=\"https:\/\/digi-aware-elearninghub.com\/wp-content\/uploads\/2024\/06\/FR-Cofinance-par-lUnion-europeenne_PANTONE-scaled.jpg 2560w, https:\/\/digi-aware-elearninghub.com\/wp-content\/uploads\/2024\/06\/FR-Cofinance-par-lUnion-europeenne_PANTONE-300x63.jpg 300w, https:\/\/digi-aware-elearninghub.com\/wp-content\/uploads\/2024\/06\/FR-Cofinance-par-lUnion-europeenne_PANTONE-1024x215.jpg 1024w, https:\/\/digi-aware-elearninghub.com\/wp-content\/uploads\/2024\/06\/FR-Cofinance-par-lUnion-europeenne_PANTONE-768x161.jpg 768w, https:\/\/digi-aware-elearninghub.com\/wp-content\/uploads\/2024\/06\/FR-Cofinance-par-lUnion-europeenne_PANTONE-1536x322.jpg 1536w, https:\/\/digi-aware-elearninghub.com\/wp-content\/uploads\/2024\/06\/FR-Cofinance-par-lUnion-europeenne_PANTONE-2048x430.jpg 2048w, https:\/\/digi-aware-elearninghub.com\/wp-content\/uploads\/2024\/06\/FR-Cofinance-par-lUnion-europeenne_PANTONE-18x4.jpg 18w\" sizes=\"(max-width: 1024px) 100vw, 1024px\" \/>\t\t\t\t\t\t\t\t\t\t\t\t\t\t\t<\/div>\n\t\t\t\t<\/div>\n\t\t\t\t<div class=\"elementor-element elementor-element-ff9c4e7 elementor-widget__width-initial elementor-widget elementor-widget-image\" data-id=\"ff9c4e7\" data-element_type=\"widget\" data-widget_type=\"image.default\">\n\t\t\t\t<div class=\"elementor-widget-container\">\n\t\t\t\t\t\t\t\t\t\t\t\t\t\t\t<img loading=\"lazy\" decoding=\"async\" width=\"403\" height=\"141\" src=\"https:\/\/digi-aware-elearninghub.com\/wp-content\/uploads\/2025\/09\/by-1.png\" class=\"attachment-large size-large wp-image-3834\" alt=\"\" srcset=\"https:\/\/digi-aware-elearninghub.com\/wp-content\/uploads\/2025\/09\/by-1.png 403w, https:\/\/digi-aware-elearninghub.com\/wp-content\/uploads\/2025\/09\/by-1-300x105.png 300w, https:\/\/digi-aware-elearninghub.com\/wp-content\/uploads\/2025\/09\/by-1-18x6.png 18w\" sizes=\"(max-width: 403px) 100vw, 403px\" \/>\t\t\t\t\t\t\t\t\t\t\t\t\t\t\t<\/div>\n\t\t\t\t<\/div>\n\t\t\t\t\t<\/div>\n\t\t<\/div>\n\t\t\t\t<div class=\"elementor-column elementor-col-50 elementor-top-column elementor-element elementor-element-a80c497\" data-id=\"a80c497\" data-element_type=\"column\">\n\t\t\t<div class=\"elementor-widget-wrap elementor-element-populated\">\n\t\t\t\t\t\t<div class=\"elementor-element elementor-element-042581e elementor-widget elementor-widget-text-editor\" data-id=\"042581e\" data-element_type=\"widget\" data-widget_type=\"text-editor.default\">\n\t\t\t\t<div class=\"elementor-widget-container\">\n\t\t\t\t\t\t\t\t\t<p>Financ\u00e9 par l'Union europ\u00e9enne. Les points de vue et opinions exprim\u00e9s sont toutefois ceux des auteurs uniquement et ne refl\u00e8tent pas n\u00e9cessairement ceux de l'Union europ\u00e9enne ou de l'Agence ex\u00e9cutive europ\u00e9enne pour l'\u00e9ducation et la culture (EACEA). Ni l'Union europ\u00e9enne ni l'EACEA ne peuvent en \u00eatre tenus responsables. Num\u00e9ro du projet : 2023-1-NO01-KA220-ADU-<wbr \/>000151380\u00a0<\/p>\t\t\t\t\t\t\t\t<\/div>\n\t\t\t\t<\/div>\n\t\t\t\t\t<\/div>\n\t\t<\/div>\n\t\t\t\t\t<\/div>\n\t\t<\/section>\n\t\t\t\t<\/div>","protected":false},"excerpt":{"rendered":"<p>Home Project Overview Project Scope Meet the Partners Getting Involved Toolkit for Educators Digital Citizenship Handbook for Educators Digital Citizenship and Media Awareness Training Kit Resources for Educators Digital Ethics Digital Wellbeing Cybersecurity\/Online safety Digital Footprint Disinformation\/Misinformation AI Literacy &#038; Manipulated Content Responsible Digital Citizenship Safe Use Of Social Media GET INSPIRED X Welcome to [&hellip;]<\/p>","protected":false},"author":1,"featured_media":0,"parent":0,"menu_order":0,"comment_status":"closed","ping_status":"closed","template":"elementor_canvas","meta":{"om_disable_all_campaigns":false,"_monsterinsights_skip_tracking":false,"_monsterinsights_sitenote_active":false,"_monsterinsights_sitenote_note":"","_monsterinsights_sitenote_category":0,"_uf_show_specific_survey":0,"_uf_disable_surveys":false,"footnotes":""},"class_list":["post-7","page","type-page","status-publish","hentry"],"blocksy_meta":[],"aioseo_notices":[],"_links":{"self":[{"href":"https:\/\/digi-aware-elearninghub.com\/fr\/wp-json\/wp\/v2\/pages\/7","targetHints":{"allow":["GET"]}}],"collection":[{"href":"https:\/\/digi-aware-elearninghub.com\/fr\/wp-json\/wp\/v2\/pages"}],"about":[{"href":"https:\/\/digi-aware-elearninghub.com\/fr\/wp-json\/wp\/v2\/types\/page"}],"author":[{"embeddable":true,"href":"https:\/\/digi-aware-elearninghub.com\/fr\/wp-json\/wp\/v2\/users\/1"}],"replies":[{"embeddable":true,"href":"https:\/\/digi-aware-elearninghub.com\/fr\/wp-json\/wp\/v2\/comments?post=7"}],"version-history":[{"count":191,"href":"https:\/\/digi-aware-elearninghub.com\/fr\/wp-json\/wp\/v2\/pages\/7\/revisions"}],"predecessor-version":[{"id":4172,"href":"https:\/\/digi-aware-elearninghub.com\/fr\/wp-json\/wp\/v2\/pages\/7\/revisions\/4172"}],"wp:attachment":[{"href":"https:\/\/digi-aware-elearninghub.com\/fr\/wp-json\/wp\/v2\/media?parent=7"}],"curies":[{"name":"wp","href":"https:\/\/api.w.org\/{rel}","templated":true}]}}