{"id":7,"date":"2024-04-29T10:36:42","date_gmt":"2024-04-29T10:36:42","guid":{"rendered":"https:\/\/digi-aware-elearninghub.com\/?page_id=7"},"modified":"2025-12-01T09:56:12","modified_gmt":"2025-12-01T09:56:12","slug":"home-page","status":"publish","type":"page","link":"https:\/\/digi-aware-elearninghub.com\/es\/","title":{"rendered":"Home Page"},"content":{"rendered":"<div data-elementor-type=\"wp-page\" data-elementor-id=\"7\" class=\"elementor elementor-7\">\n\t\t\t\t\t\t<section class=\"elementor-section elementor-top-section elementor-element elementor-element-ce274c6 elementor-section-boxed elementor-section-height-default elementor-section-height-default\" data-id=\"ce274c6\" data-element_type=\"section\" data-settings=\"{&quot;background_background&quot;:&quot;classic&quot;}\">\n\t\t\t\t\t\t<div class=\"elementor-container elementor-column-gap-default\">\n\t\t\t\t\t<div class=\"elementor-column elementor-col-50 elementor-top-column elementor-element elementor-element-a6c608e\" data-id=\"a6c608e\" data-element_type=\"column\">\n\t\t\t<div class=\"elementor-widget-wrap elementor-element-populated\">\n\t\t\t\t\t\t<div class=\"elementor-element elementor-element-be79d7a elementor-widget elementor-widget-image\" data-id=\"be79d7a\" data-element_type=\"widget\" data-widget_type=\"image.default\">\n\t\t\t\t<div class=\"elementor-widget-container\">\n\t\t\t\t\t\t\t\t\t\t\t\t\t\t\t<img fetchpriority=\"high\" decoding=\"async\" width=\"1024\" height=\"1024\" src=\"https:\/\/digi-aware-elearninghub.com\/wp-content\/uploads\/2024\/04\/DigiAware-logo_PNG-1024x1024.png\" class=\"attachment-large size-large wp-image-27\" alt=\"\" srcset=\"https:\/\/digi-aware-elearninghub.com\/wp-content\/uploads\/2024\/04\/DigiAware-logo_PNG-1024x1024.png 1024w, https:\/\/digi-aware-elearninghub.com\/wp-content\/uploads\/2024\/04\/DigiAware-logo_PNG-300x300.png 300w, https:\/\/digi-aware-elearninghub.com\/wp-content\/uploads\/2024\/04\/DigiAware-logo_PNG-150x150.png 150w, https:\/\/digi-aware-elearninghub.com\/wp-content\/uploads\/2024\/04\/DigiAware-logo_PNG-768x768.png 768w, https:\/\/digi-aware-elearninghub.com\/wp-content\/uploads\/2024\/04\/DigiAware-logo_PNG-1536x1536.png 1536w, https:\/\/digi-aware-elearninghub.com\/wp-content\/uploads\/2024\/04\/DigiAware-logo_PNG.png 2000w\" sizes=\"(max-width: 1024px) 100vw, 1024px\" \/>\t\t\t\t\t\t\t\t\t\t\t\t\t\t\t<\/div>\n\t\t\t\t<\/div>\n\t\t\t\t\t<\/div>\n\t\t<\/div>\n\t\t\t\t<div class=\"elementor-column elementor-col-50 elementor-top-column elementor-element elementor-element-f575fbd\" data-id=\"f575fbd\" data-element_type=\"column\">\n\t\t\t<div class=\"elementor-widget-wrap elementor-element-populated\">\n\t\t\t\t\t\t<div class=\"elementor-element elementor-element-662a8a5 elementor-widget elementor-widget-ekit-nav-menu\" data-id=\"662a8a5\" data-element_type=\"widget\" data-widget_type=\"ekit-nav-menu.default\">\n\t\t\t\t<div class=\"elementor-widget-container\">\n\t\t\t\t\t\t\t<nav class=\"ekit-wid-con ekit_menu_responsive_tablet\" \n\t\t\tdata-hamburger-icon=\"\" \n\t\t\tdata-hamburger-icon-type=\"icon\" \n\t\t\tdata-responsive-breakpoint=\"1024\">\n\t\t\t            <button class=\"elementskit-menu-hamburger elementskit-menu-toggler\"  type=\"button\" aria-label=\"hamburger-icon\">\n                                    <span class=\"elementskit-menu-hamburger-icon\"><\/span><span class=\"elementskit-menu-hamburger-icon\"><\/span><span class=\"elementskit-menu-hamburger-icon\"><\/span>\n                            <\/button>\n            <div id=\"ekit-megamenu-main\" class=\"elementskit-menu-container elementskit-menu-offcanvas-elements elementskit-navbar-nav-default ekit-nav-menu-one-page-no ekit-nav-dropdown-hover\"><ul id=\"menu-main\" class=\"elementskit-navbar-nav elementskit-menu-po-center submenu-click-on-icon\"><li id=\"menu-item-15\" class=\"menu-item menu-item-type-custom menu-item-object-custom menu-item-15 nav-item elementskit-mobile-builder-content\" data-vertical-menu=\"750px\"><a href=\"https:\/\/digi-aware-elearninghub.com\/es\/\" class=\"ekit-menu-nav-link\">Inicio<\/a><\/li>\n<li id=\"menu-item-16\" class=\"menu-item menu-item-type-custom menu-item-object-custom menu-item-has-children menu-item-16 nav-item elementskit-dropdown-has relative_position elementskit-dropdown-menu-default_width elementskit-mobile-builder-content\" data-vertical-menu=\"750px\"><a href=\"#project\" class=\"ekit-menu-nav-link ekit-menu-dropdown-toggle\">Visi\u00f3n general del proyecto<i aria-hidden=\"true\" class=\"icon icon-down-arrow1 elementskit-submenu-indicator\"><\/i><\/a>\n<ul class=\"elementskit-dropdown elementskit-submenu-panel\">\n\t<li id=\"menu-item-17\" class=\"menu-item menu-item-type-custom menu-item-object-custom menu-item-17 nav-item elementskit-mobile-builder-content\" data-vertical-menu=\"750px\"><a href=\"https:\/\/digi-aware-elearninghub.com\/es\/project-overview\/\" class=\"dropdown-item\">\u00c1mbito del proyecto<\/a>\t<li id=\"menu-item-115\" class=\"menu-item menu-item-type-custom menu-item-object-custom menu-item-115 nav-item elementskit-mobile-builder-content\" data-vertical-menu=\"750px\"><a href=\"https:\/\/digi-aware-elearninghub.com\/es\/meet-the-partners\/\" class=\"dropdown-item\">Conoce a los socios<\/a>\t<li id=\"menu-item-116\" class=\"menu-item menu-item-type-custom menu-item-object-custom menu-item-116 nav-item elementskit-mobile-builder-content\" data-vertical-menu=\"750px\"><a href=\"https:\/\/digi-aware-elearninghub.com\/es\/getting-involved\/\" class=\"dropdown-item\">Participar<\/a><\/ul>\n<\/li>\n<li id=\"menu-item-124\" class=\"menu-item menu-item-type-custom menu-item-object-custom menu-item-has-children menu-item-124 nav-item elementskit-dropdown-has relative_position elementskit-dropdown-menu-default_width elementskit-mobile-builder-content\" data-vertical-menu=\"750px\"><a href=\"#project\" class=\"ekit-menu-nav-link ekit-menu-dropdown-toggle\">Kit de herramientas para educadores<i aria-hidden=\"true\" class=\"icon icon-down-arrow1 elementskit-submenu-indicator\"><\/i><\/a>\n<ul class=\"elementskit-dropdown elementskit-submenu-panel\">\n\t<li id=\"menu-item-125\" class=\"menu-item menu-item-type-custom menu-item-object-custom menu-item-125 nav-item elementskit-mobile-builder-content\" data-vertical-menu=\"750px\"><a href=\"https:\/\/digi-aware-elearninghub.com\/es\/practical-resources-and-exercises-for-workshops-that-involve-teens-and-their-digital-practices-2\/\" class=\"dropdown-item\">Manual de ciudadan\u00eda digital para educadores<\/a>\t<li id=\"menu-item-126\" class=\"menu-item menu-item-type-custom menu-item-object-custom menu-item-126 nav-item elementskit-mobile-builder-content\" data-vertical-menu=\"750px\"><a href=\"https:\/\/digi-aware-elearninghub.com\/es\/modules\/\" class=\"dropdown-item\">Kit de formaci\u00f3n sobre ciudadan\u00eda digital y concienciaci\u00f3n medi\u00e1tica<\/a><\/ul>\n<\/li>\n<li id=\"menu-item-117\" class=\"menu-item menu-item-type-custom menu-item-object-custom menu-item-has-children menu-item-117 nav-item elementskit-dropdown-has relative_position elementskit-dropdown-menu-default_width elementskit-mobile-builder-content\" data-vertical-menu=\"750px\"><a href=\"https:\/\/digi-aware-elearninghub.com\/es\/resources-for-educators\/\" class=\"ekit-menu-nav-link ekit-menu-dropdown-toggle\">Recursos para educadores<i aria-hidden=\"true\" class=\"icon icon-down-arrow1 elementskit-submenu-indicator\"><\/i><\/a>\n<ul class=\"elementskit-dropdown elementskit-submenu-panel\">\n\t<li id=\"menu-item-118\" class=\"menu-item menu-item-type-custom menu-item-object-custom menu-item-118 nav-item elementskit-mobile-builder-content\" data-vertical-menu=\"750px\"><a href=\"https:\/\/digi-aware-elearninghub.com\/es\/digital-ethics\/\" class=\"dropdown-item\">\u00c9tica Digital<\/a>\t<li id=\"menu-item-119\" class=\"menu-item menu-item-type-custom menu-item-object-custom menu-item-119 nav-item elementskit-mobile-builder-content\" data-vertical-menu=\"750px\"><a href=\"https:\/\/digi-aware-elearninghub.com\/es\/digital-well-being\/\" class=\"dropdown-item\">Bienestar digital<\/a>\t<li id=\"menu-item-120\" class=\"menu-item menu-item-type-custom menu-item-object-custom menu-item-120 nav-item elementskit-mobile-builder-content\" data-vertical-menu=\"750px\"><a href=\"https:\/\/digi-aware-elearninghub.com\/es\/cybersecurity-online-safety\/\" class=\"dropdown-item\">Ciberseguridad\/Seguridad en l\u00ednea<\/a>\t<li id=\"menu-item-1083\" class=\"menu-item menu-item-type-custom menu-item-object-custom menu-item-1083 nav-item elementskit-mobile-builder-content\" data-vertical-menu=\"750px\"><a href=\"https:\/\/digi-aware-elearninghub.com\/es\/digital-footprint\/\" class=\"dropdown-item\">Huella digital<\/a>\t<li id=\"menu-item-993\" class=\"menu-item menu-item-type-custom menu-item-object-custom menu-item-993 nav-item elementskit-mobile-builder-content\" data-vertical-menu=\"750px\"><a href=\"https:\/\/digi-aware-elearninghub.com\/es\/disinformation-misinformation\/\" class=\"dropdown-item\">Desinformaci\u00f3n\/Informaci\u00f3n err\u00f3nea<\/a>\t<li id=\"menu-item-994\" class=\"menu-item menu-item-type-custom menu-item-object-custom menu-item-994 nav-item elementskit-mobile-builder-content\" data-vertical-menu=\"750px\"><a href=\"https:\/\/digi-aware-elearninghub.com\/es\/ai-literacy\/\" class=\"dropdown-item\">Conocimientos sobre IA y contenido manipulado<\/a>\t<li id=\"menu-item-995\" class=\"menu-item menu-item-type-custom menu-item-object-custom menu-item-995 nav-item elementskit-mobile-builder-content\" data-vertical-menu=\"750px\"><a href=\"https:\/\/digi-aware-elearninghub.com\/es\/responsible-digital-citizenship\/\" class=\"dropdown-item\">Ciudadan\u00eda digital responsable<\/a>\t<li id=\"menu-item-996\" class=\"menu-item menu-item-type-custom menu-item-object-custom menu-item-996 nav-item elementskit-mobile-builder-content\" data-vertical-menu=\"750px\"><a href=\"https:\/\/digi-aware-elearninghub.com\/es\/safe-use-of-social-media\/\" class=\"dropdown-item\">Uso seguro de las redes sociales<\/a><\/ul>\n<\/li>\n<li id=\"menu-item-127\" class=\"menu-item menu-item-type-custom menu-item-object-custom menu-item-127 nav-item elementskit-mobile-builder-content\" data-vertical-menu=\"750px\"><a href=\"https:\/\/digi-aware-elearninghub.com\/es\/get-inspired\/\" class=\"ekit-menu-nav-link\">Insp\u00edrate<\/a><\/li>\n<\/ul><div class=\"elementskit-nav-identity-panel\"><button class=\"elementskit-menu-close elementskit-menu-toggler\" type=\"button\">X<\/button><\/div><\/div>\t\t\t\n\t\t\t<div class=\"elementskit-menu-overlay elementskit-menu-offcanvas-elements elementskit-menu-toggler ekit-nav-menu--overlay\"><\/div>        <\/nav>\n\t\t\t\t\t\t<\/div>\n\t\t\t\t<\/div>\n\t\t\t\t\t<\/div>\n\t\t<\/div>\n\t\t\t\t\t<\/div>\n\t\t<\/section>\n\t\t\t\t<section class=\"elementor-section elementor-top-section elementor-element elementor-element-5be95160 elementor-section-boxed elementor-section-height-default elementor-section-height-default\" data-id=\"5be95160\" data-element_type=\"section\" id=\"xs_cta_style_4\" data-settings=\"{&quot;background_background&quot;:&quot;classic&quot;}\">\n\t\t\t\t\t\t\t<div class=\"elementor-background-overlay\"><\/div>\n\t\t\t\t\t\t\t<div class=\"elementor-container elementor-column-gap-default\">\n\t\t\t\t\t<div class=\"elementor-column elementor-col-50 elementor-top-column elementor-element elementor-element-3ead0e20\" data-id=\"3ead0e20\" data-element_type=\"column\">\n\t\t\t<div class=\"elementor-widget-wrap elementor-element-populated\">\n\t\t\t\t\t\t<div class=\"elementor-element elementor-element-3ead8b5f elementor-widget elementor-widget-elementskit-heading\" data-id=\"3ead8b5f\" data-element_type=\"widget\" data-widget_type=\"elementskit-heading.default\">\n\t\t\t\t<div class=\"elementor-widget-container\">\n\t\t\t\t\t<div class=\"ekit-wid-con\" ><div class=\"ekit-heading elementskit-section-title-wraper text_left   ekit_heading_tablet-   ekit_heading_mobile-\"><h2 class=\"ekit-heading--title elementskit-section-title\">Bienvenido al Digi-Aware e-Hub<\/h2><div class=\"ekit_heading_separetor_wraper ekit_heading_elementskit-border-star\"><div class=\"elementskit-border-star\"><\/div><\/div>\t\t\t\t<div class='ekit-heading__description'>\n\t\t\t\t\t<p><span>Bienvenido a Digi'Aware: Capacitaci\u00f3n de formadores y fomento de la ciudadan\u00eda digital<\/span><\/p>\n<p><span>En una era definida por la conectividad digital, el proyecto Digi'Aware pretende proporcionar a los educadores las herramientas esenciales para guiar a las mentes j\u00f3venes a trav\u00e9s de los entresijos de la ciudadan\u00eda digital.<\/span><\/p>\n<p><span>Al explorar el e-Hub Digi'Aware, descubrir\u00e1s recursos, m\u00f3dulos de formaci\u00f3n y vi\u00f1etas para fomentar el di\u00e1logo entre educadores y j\u00f3venes sobre la ciudadan\u00eda digital.<\/span><\/p>\n\t\t\t\t<\/div>\n\t\t\t<\/div><\/div>\t\t\t\t<\/div>\n\t\t\t\t<\/div>\n\t\t\t\t<div class=\"elementor-element elementor-element-267551c elementor-widget elementor-widget-video\" data-id=\"267551c\" data-element_type=\"widget\" data-settings=\"{&quot;youtube_url&quot;:&quot;https:\\\/\\\/www.youtube.com\\\/watch?v=P1x1MtwiJBk&quot;,&quot;video_type&quot;:&quot;youtube&quot;,&quot;controls&quot;:&quot;yes&quot;}\" data-no-translation=\"\" data-widget_type=\"video.default\">\n\t\t\t\t<div class=\"elementor-widget-container\">\n\t\t\t\t\t<style>.elementor-element-267551c{display:none !important}<\/style>\t\t\t\t<\/div>\n\t\t\t\t<\/div>\n\t\t\t\t<div class=\"elementor-element elementor-element-6531d95 elementor-widget elementor-widget-video\" data-id=\"6531d95\" data-element_type=\"widget\" data-settings=\"{&quot;youtube_url&quot;:&quot;https:\\\/\\\/www.youtube.com\\\/watch?v=0wTzoWFMSW8&quot;,&quot;video_type&quot;:&quot;youtube&quot;,&quot;controls&quot;:&quot;yes&quot;}\" data-no-translation=\"\" data-widget_type=\"video.default\">\n\t\t\t\t<div class=\"elementor-widget-container\">\n\t\t\t\t\t<style>.elementor-element-6531d95{display:none !important}<\/style>\t\t\t\t<\/div>\n\t\t\t\t<\/div>\n\t\t\t\t<div class=\"elementor-element elementor-element-485554a elementor-widget elementor-widget-video\" data-id=\"485554a\" data-element_type=\"widget\" data-settings=\"{&quot;youtube_url&quot;:&quot;https:\\\/\\\/www.youtube.com\\\/watch?v=QPeCPYAknwY&quot;,&quot;video_type&quot;:&quot;youtube&quot;,&quot;controls&quot;:&quot;yes&quot;}\" data-no-translation=\"\" data-widget_type=\"video.default\">\n\t\t\t\t<div class=\"elementor-widget-container\">\n\t\t\t\t\t\t\t<div class=\"elementor-wrapper elementor-open-inline\">\n\t\t\t<div class=\"elementor-video\"><\/div>\t\t<\/div>\n\t\t\t\t\t\t<\/div>\n\t\t\t\t<\/div>\n\t\t\t\t<div class=\"elementor-element elementor-element-c7d47ef elementor-widget elementor-widget-video\" data-id=\"c7d47ef\" data-element_type=\"widget\" data-settings=\"{&quot;youtube_url&quot;:&quot;https:\\\/\\\/www.youtube.com\\\/watch?v=xdBKcRpS6S8&quot;,&quot;video_type&quot;:&quot;youtube&quot;,&quot;controls&quot;:&quot;yes&quot;}\" data-no-translation=\"\" data-widget_type=\"video.default\">\n\t\t\t\t<div class=\"elementor-widget-container\">\n\t\t\t\t\t<style>.elementor-element-c7d47ef{display:none !important}<\/style>\t\t\t\t<\/div>\n\t\t\t\t<\/div>\n\t\t\t\t<div class=\"elementor-element elementor-element-a1fdb3d elementor-widget elementor-widget-video\" data-id=\"a1fdb3d\" data-element_type=\"widget\" data-settings=\"{&quot;youtube_url&quot;:&quot;https:\\\/\\\/www.youtube.com\\\/watch?v=HiIPGJsjz10&quot;,&quot;video_type&quot;:&quot;youtube&quot;,&quot;controls&quot;:&quot;yes&quot;}\" data-no-translation=\"\" data-widget_type=\"video.default\">\n\t\t\t\t<div class=\"elementor-widget-container\">\n\t\t\t\t\t<style>.elementor-element-a1fdb3d{display:none !important}<\/style>\t\t\t\t<\/div>\n\t\t\t\t<\/div>\n\t\t\t\t<div class=\"elementor-element elementor-element-4ce0131 elementor-widget elementor-widget-video\" data-id=\"4ce0131\" data-element_type=\"widget\" data-settings=\"{&quot;youtube_url&quot;:&quot;https:\\\/\\\/youtu.be\\\/FVr525wWtYY?si=GnGq59sDVrZfPG0x&quot;,&quot;video_type&quot;:&quot;youtube&quot;,&quot;controls&quot;:&quot;yes&quot;}\" data-no-translation=\"\" data-widget_type=\"video.default\">\n\t\t\t\t<div class=\"elementor-widget-container\">\n\t\t\t\t\t<style>.elementor-element-4ce0131{display:none !important}<\/style>\t\t\t\t<\/div>\n\t\t\t\t<\/div>\n\t\t\t\t<div class=\"elementor-element elementor-element-1097193 elementor-widget elementor-widget-spacer\" data-id=\"1097193\" data-element_type=\"widget\" data-widget_type=\"spacer.default\">\n\t\t\t\t<div class=\"elementor-widget-container\">\n\t\t\t\t\t\t\t<div class=\"elementor-spacer\">\n\t\t\t<div class=\"elementor-spacer-inner\"><\/div>\n\t\t<\/div>\n\t\t\t\t\t\t<\/div>\n\t\t\t\t<\/div>\n\t\t\t\t<div class=\"elementor-element elementor-element-74196dff elementor-align--mobilecenter elementor-align-left elementor-widget elementor-widget-elementskit-button\" data-id=\"74196dff\" data-element_type=\"widget\" data-widget_type=\"elementskit-button.default\">\n\t\t\t\t<div class=\"elementor-widget-container\">\n\t\t\t\t\t<div class=\"ekit-wid-con\" >\t\t<div class=\"ekit-btn-wraper\">\n\t\t\t\t\t\t\t<a href=\"https:\/\/digi-aware-elearninghub.com\/es\/project-overview\/\" class=\"elementskit-btn  whitespace--normal\" id=\"\">\n\t\t\t\t\tVisi\u00f3n general del proyecto\t\t\t\t<\/a>\n\t\t\t\t\t<\/div>\n        <\/div>\t\t\t\t<\/div>\n\t\t\t\t<\/div>\n\t\t\t\t\t<\/div>\n\t\t<\/div>\n\t\t\t\t<div class=\"elementor-column elementor-col-50 elementor-top-column elementor-element elementor-element-6d1cf834\" data-id=\"6d1cf834\" data-element_type=\"column\">\n\t\t\t<div class=\"elementor-widget-wrap elementor-element-populated\">\n\t\t\t\t\t\t<div class=\"elementor-element elementor-element-103639a elementor-widget elementor-widget-image\" data-id=\"103639a\" data-element_type=\"widget\" data-widget_type=\"image.default\">\n\t\t\t\t<div class=\"elementor-widget-container\">\n\t\t\t\t\t\t\t\t\t\t\t\t\t\t\t<img decoding=\"async\" width=\"1024\" height=\"1024\" src=\"https:\/\/digi-aware-elearninghub.com\/wp-content\/uploads\/2024\/04\/Web-devices-pana-1024x1024.png\" class=\"attachment-large size-large wp-image-87\" alt=\"\" srcset=\"https:\/\/digi-aware-elearninghub.com\/wp-content\/uploads\/2024\/04\/Web-devices-pana-1024x1024.png 1024w, https:\/\/digi-aware-elearninghub.com\/wp-content\/uploads\/2024\/04\/Web-devices-pana-300x300.png 300w, https:\/\/digi-aware-elearninghub.com\/wp-content\/uploads\/2024\/04\/Web-devices-pana-150x150.png 150w, https:\/\/digi-aware-elearninghub.com\/wp-content\/uploads\/2024\/04\/Web-devices-pana-768x768.png 768w, https:\/\/digi-aware-elearninghub.com\/wp-content\/uploads\/2024\/04\/Web-devices-pana-1536x1536.png 1536w, https:\/\/digi-aware-elearninghub.com\/wp-content\/uploads\/2024\/04\/Web-devices-pana.png 2000w\" sizes=\"(max-width: 1024px) 100vw, 1024px\" \/>\t\t\t\t\t\t\t\t\t\t\t\t\t\t\t<\/div>\n\t\t\t\t<\/div>\n\t\t\t\t\t<\/div>\n\t\t<\/div>\n\t\t\t\t\t<\/div>\n\t\t<\/section>\n\t\t\t\t<section class=\"elementor-section elementor-top-section elementor-element elementor-element-3fd4274 elementor-section-boxed elementor-section-height-default elementor-section-height-default\" data-id=\"3fd4274\" data-element_type=\"section\" data-settings=\"{&quot;background_background&quot;:&quot;classic&quot;}\">\n\t\t\t\t\t\t<div class=\"elementor-container elementor-column-gap-default\">\n\t\t\t\t\t<div class=\"elementor-column elementor-col-50 elementor-top-column elementor-element elementor-element-974f0b1\" data-id=\"974f0b1\" data-element_type=\"column\">\n\t\t\t<div class=\"elementor-widget-wrap elementor-element-populated\">\n\t\t\t\t\t\t<div class=\"elementor-element elementor-element-ab285c1 elementor-widget elementor-widget-image\" data-id=\"ab285c1\" data-element_type=\"widget\" data-widget_type=\"image.default\">\n\t\t\t\t<div class=\"elementor-widget-container\">\n\t\t\t\t\t\t\t\t\t\t\t\t\t\t\t<img decoding=\"async\" width=\"1024\" height=\"215\" src=\"https:\/\/digi-aware-elearninghub.com\/wp-content\/uploads\/2024\/06\/ES-Cofinanciado-por-la-Union-Europea_PANTONE-scaled.jpg\" class=\"attachment-large size-large wp-image-40\" alt=\"\" srcset=\"https:\/\/digi-aware-elearninghub.com\/wp-content\/uploads\/2024\/06\/ES-Cofinanciado-por-la-Union-Europea_PANTONE-scaled.jpg 2560w, https:\/\/digi-aware-elearninghub.com\/wp-content\/uploads\/2024\/06\/ES-Cofinanciado-por-la-Union-Europea_PANTONE-300x63.jpg 300w, https:\/\/digi-aware-elearninghub.com\/wp-content\/uploads\/2024\/06\/ES-Cofinanciado-por-la-Union-Europea_PANTONE-1024x215.jpg 1024w, https:\/\/digi-aware-elearninghub.com\/wp-content\/uploads\/2024\/06\/ES-Cofinanciado-por-la-Union-Europea_PANTONE-768x161.jpg 768w, https:\/\/digi-aware-elearninghub.com\/wp-content\/uploads\/2024\/06\/ES-Cofinanciado-por-la-Union-Europea_PANTONE-1536x322.jpg 1536w, https:\/\/digi-aware-elearninghub.com\/wp-content\/uploads\/2024\/06\/ES-Cofinanciado-por-la-Union-Europea_PANTONE-2048x430.jpg 2048w, https:\/\/digi-aware-elearninghub.com\/wp-content\/uploads\/2024\/06\/ES-Cofinanciado-por-la-Union-Europea_PANTONE-18x4.jpg 18w\" sizes=\"(max-width: 1024px) 100vw, 1024px\" \/>\t\t\t\t\t\t\t\t\t\t\t\t\t\t\t<\/div>\n\t\t\t\t<\/div>\n\t\t\t\t<div class=\"elementor-element elementor-element-ff9c4e7 elementor-widget__width-initial elementor-widget elementor-widget-image\" data-id=\"ff9c4e7\" data-element_type=\"widget\" data-widget_type=\"image.default\">\n\t\t\t\t<div class=\"elementor-widget-container\">\n\t\t\t\t\t\t\t\t\t\t\t\t\t\t\t<img loading=\"lazy\" decoding=\"async\" width=\"403\" height=\"141\" src=\"https:\/\/digi-aware-elearninghub.com\/wp-content\/uploads\/2025\/09\/by-1.png\" class=\"attachment-large size-large wp-image-3834\" alt=\"\" srcset=\"https:\/\/digi-aware-elearninghub.com\/wp-content\/uploads\/2025\/09\/by-1.png 403w, https:\/\/digi-aware-elearninghub.com\/wp-content\/uploads\/2025\/09\/by-1-300x105.png 300w, https:\/\/digi-aware-elearninghub.com\/wp-content\/uploads\/2025\/09\/by-1-18x6.png 18w\" sizes=\"(max-width: 403px) 100vw, 403px\" \/>\t\t\t\t\t\t\t\t\t\t\t\t\t\t\t<\/div>\n\t\t\t\t<\/div>\n\t\t\t\t\t<\/div>\n\t\t<\/div>\n\t\t\t\t<div class=\"elementor-column elementor-col-50 elementor-top-column elementor-element elementor-element-a80c497\" data-id=\"a80c497\" data-element_type=\"column\">\n\t\t\t<div class=\"elementor-widget-wrap elementor-element-populated\">\n\t\t\t\t\t\t<div class=\"elementor-element elementor-element-042581e elementor-widget elementor-widget-text-editor\" data-id=\"042581e\" data-element_type=\"widget\" data-widget_type=\"text-editor.default\">\n\t\t\t\t<div class=\"elementor-widget-container\">\n\t\t\t\t\t\t\t\t\t<p>Financiado por la Uni\u00f3n Europea. Sin embargo, las opiniones y puntos de vista expresados son exclusivamente los de los autores y no reflejan necesariamente los de la Uni\u00f3n Europea ni los de la Agencia Ejecutiva en el \u00e1mbito Educativo, Audiovisual y Cultural (EACEA). Ni la Uni\u00f3n Europea ni la EACEA se hacen responsables de ellos. N\u00famero de proyecto: 2023-1-NO01-KA220-ADU-<wbr \/>000151380\u00a0<\/p>\t\t\t\t\t\t\t\t<\/div>\n\t\t\t\t<\/div>\n\t\t\t\t\t<\/div>\n\t\t<\/div>\n\t\t\t\t\t<\/div>\n\t\t<\/section>\n\t\t\t\t<\/div>","protected":false},"excerpt":{"rendered":"<p>Home Project Overview Project Scope Meet the Partners Getting Involved Toolkit for Educators Digital Citizenship Handbook for Educators Digital Citizenship and Media Awareness Training Kit Resources for Educators Digital Ethics Digital Wellbeing Cybersecurity\/Online safety Digital Footprint Disinformation\/Misinformation AI Literacy &#038; Manipulated Content Responsible Digital Citizenship Safe Use Of Social Media GET INSPIRED X Welcome to [&hellip;]<\/p>","protected":false},"author":1,"featured_media":0,"parent":0,"menu_order":0,"comment_status":"closed","ping_status":"closed","template":"elementor_canvas","meta":{"om_disable_all_campaigns":false,"_monsterinsights_skip_tracking":false,"_monsterinsights_sitenote_active":false,"_monsterinsights_sitenote_note":"","_monsterinsights_sitenote_category":0,"_uf_show_specific_survey":0,"_uf_disable_surveys":false,"footnotes":""},"class_list":["post-7","page","type-page","status-publish","hentry"],"blocksy_meta":[],"aioseo_notices":[],"_links":{"self":[{"href":"https:\/\/digi-aware-elearninghub.com\/es\/wp-json\/wp\/v2\/pages\/7","targetHints":{"allow":["GET"]}}],"collection":[{"href":"https:\/\/digi-aware-elearninghub.com\/es\/wp-json\/wp\/v2\/pages"}],"about":[{"href":"https:\/\/digi-aware-elearninghub.com\/es\/wp-json\/wp\/v2\/types\/page"}],"author":[{"embeddable":true,"href":"https:\/\/digi-aware-elearninghub.com\/es\/wp-json\/wp\/v2\/users\/1"}],"replies":[{"embeddable":true,"href":"https:\/\/digi-aware-elearninghub.com\/es\/wp-json\/wp\/v2\/comments?post=7"}],"version-history":[{"count":191,"href":"https:\/\/digi-aware-elearninghub.com\/es\/wp-json\/wp\/v2\/pages\/7\/revisions"}],"predecessor-version":[{"id":4172,"href":"https:\/\/digi-aware-elearninghub.com\/es\/wp-json\/wp\/v2\/pages\/7\/revisions\/4172"}],"wp:attachment":[{"href":"https:\/\/digi-aware-elearninghub.com\/es\/wp-json\/wp\/v2\/media?parent=7"}],"curies":[{"name":"wp","href":"https:\/\/api.w.org\/{rel}","templated":true}]}}